{"id":215,"date":"2018-01-15T21:17:24","date_gmt":"2018-01-15T20:17:24","guid":{"rendered":"http:\/\/2018.strukturpolitik.org\/?page_id=215"},"modified":"2018-01-26T15:49:29","modified_gmt":"2018-01-26T14:49:29","slug":"unsere-motivation","status":"publish","type":"page","link":"https:\/\/strukturpolitik.org\/?page_id=215","title":{"rendered":"Der Verein"},"content":{"rendered":"<p>Die Gesellschaft f\u00fcr Strukturpolitik (GfS) wurde Ende 2006 als gemeinn\u00fctziger Verein mit Sitz in Bonn gegr\u00fcndet. In der GfS b\u00fcndelt sich ein Wissens-Netzwerk, das mit unterschiedlichen Interessen und fachlichen Ans\u00e4tzen sowie praktischer Erfahrung aus einer Vielzahl von Arbeitsfeldern eine gro\u00dfe Probleml\u00f6sungskraft zur Verf\u00fcgung stellt.<\/p>\n<p>Wir verstehen uns als ein Forum f\u00fcr den offenen interdisziplin\u00e4ren Austausch von Erfahrungen und Ideen zwischen Wissenschaftlern\/-innen und Praktikern aus unterschiedlichen relevanten Handlungsfeldern. Unser Ziel ist die Unterst\u00fctzung wirtschaftlicher Entwicklung auf lokaler und regionaler Ebene.<\/p>\n<p>Die <a href=\"http:\/\/2018.strukturpolitik.org\/?page_id=60\">Mitglieder der GfS<\/a> besch\u00e4ftigen sich in Wissenschaft, Politik, Wirtschaft und Beratung mit:<\/p>\n<ul>\n<li>Kommunaler und regionaler Wirtschaftsf\u00f6rderung<\/li>\n<li>Stadt- und Regionalmarketing<\/li>\n<li>Europ\u00e4ischen Strukturfonds und regionaler Strukturpolitik<\/li>\n<li>Integrierter Entwicklung auf regionaler und lokaler Ebene<\/li>\n<li>Lokaler \u00d6konomie<\/li>\n<li>Regionaler Wettbewerbs- und Innovationsf\u00e4higkeit<\/li>\n<li>Entwicklungszusammenarbeit<\/li>\n<\/ul>\n<p>Durch dieses breite Wissens- und Erfahrungsspektrum k\u00f6nnen Fachthemen aus verschiedenen Perspektiven beleuchtet werden. Der Austausch zwischen den Mitgliedern ist bewusst informell ausgerichtet. Er findet statt auf der Basis von \u00f6ffentlichen und geschlossenen Veranstaltungen, Diskussionvortr\u00e4gen, Workshops, und Themen-Stammtischen.<\/p>\n<p><a href=\"http:\/\/2018.strukturpolitik.org\/wp-content\/uploads\/2018\/01\/Satzung_GfS.pdf\">Die <strong>Satzung des Vereins<\/strong> finden Sie hier.<\/a><\/p>\n<p>Der j\u00e4hrliche Mitgliedsbeitrag f\u00fcr die GfS betr\u00e4gt 50,- EUR.<br \/>\nF\u00fcr Studierende gilt ein erm\u00e4\u00dfigter Beitrag von 20,- EUR.<br \/>\nDie GfS verfolgt laut Bescheid des Finanzamtes St. Augustin gemeinn\u00fctzige Zwecke und kann f\u00fcr Mitgliedsbeitr\u00e4ge und Spenden Zuwendungsbest\u00e4tigungen nach \u00a750 Abs. 1 EStDV ausstellen.<\/p>\n<p>Interesse an einzelnen Veranstaltungen oder an einer Mitgliedschaft? <a href=\"http:\/\/2018.strukturpolitik.org\/?page_id=40\">Hier finden Sie unsere Kontaktdaten!<\/a><\/p>\n","protected":false},"excerpt":{"rendered":"<p>Die Gesellschaft f\u00fcr Strukturpolitik (GfS) wurde Ende 2006 als gemeinn\u00fctziger Verein mit Sitz in Bonn gegr\u00fcndet. In der GfS b\u00fcndelt sich ein Wissens-Netzwerk, das mit unterschiedlichen Interessen und fachlichen Ans\u00e4tzen sowie praktischer Erfahrung aus einer Vielzahl von Arbeitsfeldern eine gro\u00dfe Probleml\u00f6sungskraft zur Verf\u00fcgung stellt. Wir verstehen uns als ein Forum f\u00fcr den offenen interdisziplin\u00e4ren Austausch &hellip; <\/p>\n<p class=\"link-more\"><a href=\"https:\/\/strukturpolitik.org\/?page_id=215\" class=\"more-link\"><span class=\"screen-reader-text\">\u201eDer Verein\u201c <\/span>weiterlesen<\/a><\/p>\n","protected":false},"author":1,"featured_media":0,"parent":35,"menu_order":1,"comment_status":"closed","ping_status":"closed","template":"","meta":{"jetpack_post_was_ever_published":false,"footnotes":""},"class_list":["post-215","page","type-page","status-publish","hentry"],"jetpack_shortlink":"https:\/\/wp.me\/P9D9ML-3t","jetpack_sharing_enabled":true,"_links":{"self":[{"href":"https:\/\/strukturpolitik.org\/index.php?rest_route=\/wp\/v2\/pages\/215","targetHints":{"allow":["GET"]}}],"collection":[{"href":"https:\/\/strukturpolitik.org\/index.php?rest_route=\/wp\/v2\/pages"}],"about":[{"href":"https:\/\/strukturpolitik.org\/index.php?rest_route=\/wp\/v2\/types\/page"}],"author":[{"embeddable":true,"href":"https:\/\/strukturpolitik.org\/index.php?rest_route=\/wp\/v2\/users\/1"}],"replies":[{"embeddable":true,"href":"https:\/\/strukturpolitik.org\/index.php?rest_route=%2Fwp%2Fv2%2Fcomments&post=215"}],"version-history":[{"count":8,"href":"https:\/\/strukturpolitik.org\/index.php?rest_route=\/wp\/v2\/pages\/215\/revisions"}],"predecessor-version":[{"id":561,"href":"https:\/\/strukturpolitik.org\/index.php?rest_route=\/wp\/v2\/pages\/215\/revisions\/561"}],"up":[{"embeddable":true,"href":"https:\/\/strukturpolitik.org\/index.php?rest_route=\/wp\/v2\/pages\/35"}],"wp:attachment":[{"href":"https:\/\/strukturpolitik.org\/index.php?rest_route=%2Fwp%2Fv2%2Fmedia&parent=215"}],"curies":[{"name":"wp","href":"https:\/\/api.w.org\/{rel}","templated":true}]}}