{"id":40,"date":"2018-01-13T21:50:45","date_gmt":"2018-01-13T21:50:45","guid":{"rendered":"http:\/\/2018.strukturpolitik.org\/?page_id=40"},"modified":"2026-04-13T14:38:14","modified_gmt":"2026-04-13T12:38:14","slug":"impressum","status":"publish","type":"page","link":"https:\/\/strukturpolitik.org\/?page_id=40","title":{"rendered":"Impressum"},"content":{"rendered":"<h1><span style=\"color: #00ccff;\">Gesellschaft f\u00fcr Strukturpolitik e.V.<\/span><\/h1>\n<p>Dieter Rehfeld\u00a0 (Vorsitzender)<br \/>\nJohanniskirchplatz 8<br \/>\n33615 Bielefeld<\/p>\n<p>Eintragung: VR 8724, Amtsgericht Bonn<\/p>\n<p>Tel.: +49 (0) 171 \/ 2906601<\/p>\n<p>Email: <a href=\"mailto:info@strukturpolitik.org\">info@strukturpolitik.org<\/a><\/p>\n<h1><span style=\"color: #00ccff;\">Vorstand<\/span><\/h1>\n<p>Dieter Rehfeld<\/p>\n<h1><span style=\"color: #00ccff;\">Copyright<\/span><\/h1>\n<p>Vervielf\u00e4ltigungen jeder Art sind nur mit ausdr\u00fccklicher Genehmigung des Vereins gestattet. Die Aufnahme in Online-Dienste und Internet sowie die Vervielf\u00e4ltigung auf Datentr\u00e4ger d\u00fcrfen nur nach vorheriger schriftlicher Zustimmung des Vereins erfolgen.<\/p>\n<h1><span style=\"color: #00ccff;\">Haftung<\/span><\/h1>\n<p>Die Beitr\u00e4ge und Inhalte auf www.strukturpolitik.org werden mit Sorgfalt recherchiert. Dennoch wird eine Haftung ausgeschlossen.<\/p>\n<h1><span style=\"color: #00ccff;\">Wichtiger Hinweis zu allen Links<\/span><\/h1>\n<p>Die Gesellschaft f\u00fcr Strukturpolitik e.V. ist nicht f\u00fcr die Inhalte fremder Seiten verantwortlich, die \u00fcber einen Link erreicht werden. Diese Erkl\u00e4rung gilt f\u00fcr alle auf dieser Homepage angebrachten Links, die nicht auf Webseiten des Vereins weisen.<\/p>\n<h1><span style=\"color: #00ccff;\">Datenschutz<\/span><\/h1>\n<p><a href=\"http:\/\/2018.strukturpolitik.org\/?page_id=206\">Unsere Datenschutzerkl\u00e4rung finden Sie hier<\/a>.<\/p>\n","protected":false},"excerpt":{"rendered":"<p>Gesellschaft f\u00fcr Strukturpolitik e.V. Dieter Rehfeld\u00a0 (Vorsitzender) Johanniskirchplatz 8 33615 Bielefeld Eintragung: VR 8724, Amtsgericht Bonn Tel.: +49 (0) 171 \/ 2906601 Email: info@strukturpolitik.org Vorstand Dieter Rehfeld Copyright Vervielf\u00e4ltigungen jeder Art sind nur mit ausdr\u00fccklicher Genehmigung des Vereins gestattet. Die Aufnahme in Online-Dienste und Internet sowie die Vervielf\u00e4ltigung auf Datentr\u00e4ger d\u00fcrfen nur nach vorheriger schriftlicher &hellip; <\/p>\n<p class=\"link-more\"><a href=\"https:\/\/strukturpolitik.org\/?page_id=40\" class=\"more-link\"><span class=\"screen-reader-text\">\u201eImpressum\u201c <\/span>weiterlesen<\/a><\/p>\n","protected":false},"author":1,"featured_media":0,"parent":0,"menu_order":3,"comment_status":"closed","ping_status":"closed","template":"","meta":{"jetpack_post_was_ever_published":false,"footnotes":""},"class_list":["post-40","page","type-page","status-publish","hentry"],"jetpack_shortlink":"https:\/\/wp.me\/P9D9ML-E","jetpack_sharing_enabled":true,"_links":{"self":[{"href":"https:\/\/strukturpolitik.org\/index.php?rest_route=\/wp\/v2\/pages\/40","targetHints":{"allow":["GET"]}}],"collection":[{"href":"https:\/\/strukturpolitik.org\/index.php?rest_route=\/wp\/v2\/pages"}],"about":[{"href":"https:\/\/strukturpolitik.org\/index.php?rest_route=\/wp\/v2\/types\/page"}],"author":[{"embeddable":true,"href":"https:\/\/strukturpolitik.org\/index.php?rest_route=\/wp\/v2\/users\/1"}],"replies":[{"embeddable":true,"href":"https:\/\/strukturpolitik.org\/index.php?rest_route=%2Fwp%2Fv2%2Fcomments&post=40"}],"version-history":[{"count":16,"href":"https:\/\/strukturpolitik.org\/index.php?rest_route=\/wp\/v2\/pages\/40\/revisions"}],"predecessor-version":[{"id":3713,"href":"https:\/\/strukturpolitik.org\/index.php?rest_route=\/wp\/v2\/pages\/40\/revisions\/3713"}],"wp:attachment":[{"href":"https:\/\/strukturpolitik.org\/index.php?rest_route=%2Fwp%2Fv2%2Fmedia&parent=40"}],"curies":[{"name":"wp","href":"https:\/\/api.w.org\/{rel}","templated":true}]}}