{"id":629,"date":"2018-02-06T17:50:35","date_gmt":"2018-02-06T16:50:35","guid":{"rendered":"http:\/\/2018.strukturpolitik.org\/?page_id=629"},"modified":"2018-02-07T20:28:37","modified_gmt":"2018-02-07T19:28:37","slug":"willkommen","status":"publish","type":"page","link":"https:\/\/strukturpolitik.org\/","title":{"rendered":"Willkommen"},"content":{"rendered":"<table>\n<tbody>\n<tr>\n<td width=\"205\">\n<p><figure id=\"attachment_666\" aria-describedby=\"caption-attachment-666\" style=\"width: 80px\" class=\"wp-caption alignnone\"><a href=\"https:\/\/strukturpolitik.org\/?page_id=159\"><img loading=\"lazy\" decoding=\"async\" data-attachment-id=\"666\" data-permalink=\"https:\/\/strukturpolitik.org\/?attachment_id=666\" data-orig-file=\"https:\/\/strukturpolitik.org\/wp-content\/uploads\/2018\/02\/uk.png\" data-orig-size=\"320,160\" data-comments-opened=\"0\" data-image-meta=\"{&quot;aperture&quot;:&quot;0&quot;,&quot;credit&quot;:&quot;&quot;,&quot;camera&quot;:&quot;&quot;,&quot;caption&quot;:&quot;&quot;,&quot;created_timestamp&quot;:&quot;0&quot;,&quot;copyright&quot;:&quot;&quot;,&quot;focal_length&quot;:&quot;0&quot;,&quot;iso&quot;:&quot;0&quot;,&quot;shutter_speed&quot;:&quot;0&quot;,&quot;title&quot;:&quot;&quot;,&quot;orientation&quot;:&quot;0&quot;}\" data-image-title=\"uk\" data-image-description=\"\" data-image-caption=\"\" data-medium-file=\"https:\/\/strukturpolitik.org\/wp-content\/uploads\/2018\/02\/uk-300x150.png\" data-large-file=\"https:\/\/strukturpolitik.org\/wp-content\/uploads\/2018\/02\/uk.png\" class=\"wp-image-666\" src=\"https:\/\/strukturpolitik.org\/wp-content\/uploads\/2018\/02\/uk-300x150.png\" alt=\"English - about us\" width=\"80\" height=\"40\" srcset=\"https:\/\/strukturpolitik.org\/wp-content\/uploads\/2018\/02\/uk-300x150.png 300w, https:\/\/strukturpolitik.org\/wp-content\/uploads\/2018\/02\/uk.png 320w\" sizes=\"auto, (max-width: 80px) 100vw, 80px\" \/><\/a><figcaption id=\"caption-attachment-666\" class=\"wp-caption-text\">English\u00a0\u00a0\u00a0\u00a0\u00a0\u00a0\u00a0\u00a0\u00a0\u00a0\u00a0\u00a0\u00a0\u00a0\u00a0\u00a0 <span style=\"color: #ffffff;\">.<\/span><\/figcaption><\/figure><\/td>\n<td width=\"205\">\n<p><figure id=\"attachment_664\" aria-describedby=\"caption-attachment-664\" style=\"width: 60px\" class=\"wp-caption alignnone\"><a href=\"https:\/\/strukturpolitik.org\/?page_id=155\"><img loading=\"lazy\" decoding=\"async\" data-attachment-id=\"664\" data-permalink=\"https:\/\/strukturpolitik.org\/?attachment_id=664\" data-orig-file=\"https:\/\/strukturpolitik.org\/wp-content\/uploads\/2018\/02\/fr.png\" data-orig-size=\"200,133\" data-comments-opened=\"0\" data-image-meta=\"{&quot;aperture&quot;:&quot;0&quot;,&quot;credit&quot;:&quot;&quot;,&quot;camera&quot;:&quot;&quot;,&quot;caption&quot;:&quot;&quot;,&quot;created_timestamp&quot;:&quot;0&quot;,&quot;copyright&quot;:&quot;&quot;,&quot;focal_length&quot;:&quot;0&quot;,&quot;iso&quot;:&quot;0&quot;,&quot;shutter_speed&quot;:&quot;0&quot;,&quot;title&quot;:&quot;&quot;,&quot;orientation&quot;:&quot;0&quot;}\" data-image-title=\"fr\" data-image-description=\"\" data-image-caption=\"\" data-medium-file=\"https:\/\/strukturpolitik.org\/wp-content\/uploads\/2018\/02\/fr.png\" data-large-file=\"https:\/\/strukturpolitik.org\/wp-content\/uploads\/2018\/02\/fr.png\" class=\"wp-image-664\" src=\"https:\/\/strukturpolitik.org\/wp-content\/uploads\/2018\/02\/fr.png\" alt=\"Fran\u00e7ais - notre organisation\" width=\"60\" height=\"40\" \/><\/a><figcaption id=\"caption-attachment-664\" class=\"wp-caption-text\">Fran\u00e7ais\u00a0\u00a0\u00a0\u00a0\u00a0\u00a0\u00a0\u00a0 <span style=\"color: #ffffff;\">.<\/span><\/figcaption><\/figure><\/td>\n<td width=\"205\">\n<p><figure id=\"attachment_665\" aria-describedby=\"caption-attachment-665\" style=\"width: 60px\" class=\"wp-caption alignnone\"><a href=\"https:\/\/strukturpolitik.org\/?page_id=152\"><img loading=\"lazy\" decoding=\"async\" data-attachment-id=\"665\" data-permalink=\"https:\/\/strukturpolitik.org\/?attachment_id=665\" data-orig-file=\"https:\/\/strukturpolitik.org\/wp-content\/uploads\/2018\/02\/nl.png\" data-orig-size=\"200,133\" data-comments-opened=\"0\" data-image-meta=\"{&quot;aperture&quot;:&quot;0&quot;,&quot;credit&quot;:&quot;&quot;,&quot;camera&quot;:&quot;&quot;,&quot;caption&quot;:&quot;&quot;,&quot;created_timestamp&quot;:&quot;0&quot;,&quot;copyright&quot;:&quot;&quot;,&quot;focal_length&quot;:&quot;0&quot;,&quot;iso&quot;:&quot;0&quot;,&quot;shutter_speed&quot;:&quot;0&quot;,&quot;title&quot;:&quot;&quot;,&quot;orientation&quot;:&quot;0&quot;}\" data-image-title=\"nl\" data-image-description=\"\" data-image-caption=\"\" data-medium-file=\"https:\/\/strukturpolitik.org\/wp-content\/uploads\/2018\/02\/nl.png\" data-large-file=\"https:\/\/strukturpolitik.org\/wp-content\/uploads\/2018\/02\/nl.png\" class=\"wp-image-665\" src=\"https:\/\/strukturpolitik.org\/wp-content\/uploads\/2018\/02\/nl.png\" alt=\" Nederlands - Over ons\" width=\"60\" height=\"40\" \/><\/a><figcaption id=\"caption-attachment-665\" class=\"wp-caption-text\">Nederlands<\/figcaption><\/figure><\/td>\n<\/tr>\n<\/tbody>\n<\/table>\n<p>\u201eGlobalisierung\u201c, \u201edemografischer Wandel\u201c und \u201eneue Technologien\u201c sind nur einige Schlagworte, die f\u00fcr aktuelle Entwicklungstrends stehen. Hieraus entstehen f\u00fcr die Regionen neue Aufgabenstellungen, die es zu l\u00f6sen gilt. Zu diesem Zweck sind auf strategischer, verfahrensbezogener und instrumenteller Ebene Innovationen erforderlich. Diese entstehen selten in tradierten, isolierten Denkmustern, Arbeitsweisen und Organisationsformen.<\/p>\n<p><strong><span style=\"color: #00ccff;\">Hier setzt die Arbeit der Gesellschaft f\u00fcr Strukturpolitik (GfS) an. Im Mittelpunkt stehen die Durchf\u00fchrung von Bildungsveranstaltungen, Foren und Workshops sowie der informelle Austausch zwischen den Mitgliedern.<\/span><\/strong> Die Gesellschaft bietet einen organisatorischen Rahmen und identifiziert wichtige aktuelle Themenfelder der Wirtschafts- und Regionalentwicklung, die die Mitglieder im Rahmen von Beitr\u00e4gen oder Veranstaltungen ausf\u00fcllen.<\/p>\n","protected":false},"excerpt":{"rendered":"<p>\u201eGlobalisierung\u201c, \u201edemografischer Wandel\u201c und \u201eneue Technologien\u201c sind nur einige Schlagworte, die f\u00fcr aktuelle Entwicklungstrends stehen. Hieraus entstehen f\u00fcr die Regionen neue Aufgabenstellungen, die es zu l\u00f6sen gilt. Zu diesem Zweck sind auf strategischer, verfahrensbezogener und instrumenteller Ebene Innovationen erforderlich. Diese entstehen selten in tradierten, isolierten Denkmustern, Arbeitsweisen und Organisationsformen. Hier setzt die Arbeit der Gesellschaft &hellip; <\/p>\n<p class=\"link-more\"><a href=\"https:\/\/strukturpolitik.org\/\" class=\"more-link\"><span class=\"screen-reader-text\">\u201eWillkommen\u201c <\/span>weiterlesen<\/a><\/p>\n","protected":false},"author":1,"featured_media":0,"parent":0,"menu_order":4,"comment_status":"closed","ping_status":"closed","template":"","meta":{"jetpack_post_was_ever_published":false,"footnotes":""},"class_list":["post-629","page","type-page","status-publish","hentry"],"jetpack_shortlink":"https:\/\/wp.me\/P9D9ML-a9","jetpack_sharing_enabled":true,"_links":{"self":[{"href":"https:\/\/strukturpolitik.org\/index.php?rest_route=\/wp\/v2\/pages\/629","targetHints":{"allow":["GET"]}}],"collection":[{"href":"https:\/\/strukturpolitik.org\/index.php?rest_route=\/wp\/v2\/pages"}],"about":[{"href":"https:\/\/strukturpolitik.org\/index.php?rest_route=\/wp\/v2\/types\/page"}],"author":[{"embeddable":true,"href":"https:\/\/strukturpolitik.org\/index.php?rest_route=\/wp\/v2\/users\/1"}],"replies":[{"embeddable":true,"href":"https:\/\/strukturpolitik.org\/index.php?rest_route=%2Fwp%2Fv2%2Fcomments&post=629"}],"version-history":[{"count":30,"href":"https:\/\/strukturpolitik.org\/index.php?rest_route=\/wp\/v2\/pages\/629\/revisions"}],"predecessor-version":[{"id":696,"href":"https:\/\/strukturpolitik.org\/index.php?rest_route=\/wp\/v2\/pages\/629\/revisions\/696"}],"wp:attachment":[{"href":"https:\/\/strukturpolitik.org\/index.php?rest_route=%2Fwp%2Fv2%2Fmedia&parent=629"}],"curies":[{"name":"wp","href":"https:\/\/api.w.org\/{rel}","templated":true}]}}